{"id":1487,"date":"2020-06-08T14:26:51","date_gmt":"2020-06-08T11:26:51","guid":{"rendered":"https:\/\/teollisuusvaate.fi\/?page_id=1487"},"modified":"2022-03-03T09:40:12","modified_gmt":"2022-03-03T07:40:12","slug":"foretaget","status":"publish","type":"page","link":"https:\/\/teollisuusvaate.fi\/sv\/foretaget\/","title":{"rendered":"F\u00f6retaget"},"content":{"rendered":"<p>[et_pb_section fb_built=&#8221;1&#8243; custom_padding_last_edited=&#8221;on|phone&#8221; _builder_version=&#8221;4.12.1&#8243; use_background_color_gradient=&#8221;on&#8221; background_color_gradient_start=&#8221;rgba(0,0,0,0.89)&#8221; background_color_gradient_end=&#8221;rgba(0,0,0,0.63)&#8221; background_color_gradient_direction=&#8221;90deg&#8221; background_color_gradient_overlays_image=&#8221;on&#8221; background_image=&#8221;https:\/\/demo161.muutu.fi\/wp-content\/uploads\/2019\/02\/Proman9of46.jpg&#8221; background_position=&#8221;center_left&#8221; height=&#8221;100vh&#8221; custom_padding=&#8221;45vh||||false|false&#8221; custom_padding_tablet=&#8221;32vh||13vh||false|false&#8221; custom_padding_phone=&#8221;60vh||0vh||false|false&#8221; animation_style=&#8221;fade&#8221; animation_duration=&#8221;1350ms&#8221; border_color_bottom=&#8221;#ffec33&#8243; global_colors_info=&#8221;{}&#8221;][et_pb_row module_class=&#8221; et_pb_row_fullwidth&#8221; _builder_version=&#8221;4.4.8&#8243; parallax=&#8221;on&#8221; width=&#8221;89%&#8221; width_tablet=&#8221;80%&#8221; width_phone=&#8221;&#8221; width_last_edited=&#8221;on|desktop&#8221; max_width=&#8221;89%&#8221; max_width_tablet=&#8221;80%&#8221; max_width_phone=&#8221;&#8221; max_width_last_edited=&#8221;on|desktop&#8221; custom_margin=&#8221;-10vh|||&#8221; custom_margin_tablet=&#8221;&#8221; custom_margin_phone=&#8221;-45vh|||&#8221; custom_margin_last_edited=&#8221;on|phone&#8221; custom_padding=&#8221;0||0||true|false&#8221; make_fullwidth=&#8221;on&#8221; global_colors_info=&#8221;{}&#8221;][et_pb_column type=&#8221;4_4&#8243; _builder_version=&#8221;3.25&#8243; custom_padding=&#8221;|||&#8221; global_colors_info=&#8221;{}&#8221; custom_padding__hover=&#8221;|||&#8221;][et_pb_text admin_label=&#8221;Suomen Teollisuusty\u00f6kalut Oy&#8221; _builder_version=&#8221;4.12.0&#8243; text_font=&#8221;||||||||&#8221; header_font=&#8221;|800||on|||||&#8221; header_text_color=&#8221;#FFFFFF&#8221; header_font_size=&#8221;50px&#8221; custom_margin=&#8221;0vh||18vh|||&#8221; custom_padding=&#8221;||0px|&#8221; hover_transition_duration=&#8221;0ms&#8221; hover_transition_speed_curve=&#8221;linear&#8221; header_font_size_tablet=&#8221;50px&#8221; header_font_size_phone=&#8221;30px&#8221; header_font_size_last_edited=&#8221;on|phone&#8221; global_colors_info=&#8221;{}&#8221;]<\/p>\n<h1 style=\"text-align: center;\">Suomen Teollisuusvaate Oy<\/h1>\n<p>[\/et_pb_text][\/et_pb_column][\/et_pb_row][\/et_pb_section][et_pb_section fb_built=&#8221;1&#8243; _builder_version=&#8221;3.22&#8243; custom_padding=&#8221;1px|0px|0|0px|false|false&#8221; global_colors_info=&#8221;{}&#8221;][et_pb_row column_structure=&#8221;1_4,1_2,1_4&#8243; use_custom_gutter=&#8221;on&#8221; gutter_width=&#8221;1&#8243; custom_padding_last_edited=&#8221;on|phone&#8221; module_class=&#8221; et_pb_row_fullwidth&#8221; _builder_version=&#8221;4.12.0&#8243; width=&#8221;100%&#8221; width_tablet=&#8221;100%&#8221; width_phone=&#8221;&#8221; width_last_edited=&#8221;on|desktop&#8221; max_width=&#8221;100%&#8221; max_width_tablet=&#8221;100%&#8221; max_width_phone=&#8221;&#8221; max_width_last_edited=&#8221;on|desktop&#8221; custom_padding=&#8221;6vh|0px|13vh|0px|false|false&#8221; custom_padding_tablet=&#8221;6vh|0px|13vh|0px|false|false&#8221; custom_padding_phone=&#8221;0vh|0px|13vh|0px|false|false&#8221; make_fullwidth=&#8221;on&#8221; global_colors_info=&#8221;{}&#8221;][et_pb_column type=&#8221;1_4&#8243; _builder_version=&#8221;3.25&#8243; custom_padding=&#8221;|||&#8221; global_colors_info=&#8221;{}&#8221; custom_padding__hover=&#8221;|||&#8221;][\/et_pb_column][et_pb_column type=&#8221;1_2&#8243; _builder_version=&#8221;3.25&#8243; custom_padding=&#8221;|||&#8221; global_colors_info=&#8221;{}&#8221; custom_padding__hover=&#8221;|||&#8221;][et_pb_text admin_label=&#8221;Miksi ty\u00f6vaatteet teollisuusvaatteesta?&#8221; _builder_version=&#8221;4.12.0&#8243; text_text_color=&#8221;#ffffff&#8221; header_font=&#8221;|900||on|||||&#8221; header_text_align=&#8221;center&#8221; header_text_color=&#8221;#000000&#8243; header_font_size=&#8221;42px&#8221; header_2_font=&#8221;|600||on|||||&#8221; header_2_text_color=&#8221;#333333&#8243; header_2_font_size=&#8221;37px&#8221; header_2_letter_spacing=&#8221;1px&#8221; header_2_line_height=&#8221;1.3em&#8221; header_3_font=&#8221;Oxygen||||||||&#8221; header_3_text_align=&#8221;left&#8221; header_3_text_color=&#8221;#ffffff&#8221; custom_padding=&#8221;5vh||5vh||true&#8221; header_font_size_tablet=&#8221;40px&#8221; header_font_size_phone=&#8221;30px&#8221; header_font_size_last_edited=&#8221;on|phone&#8221; header_2_font_size_tablet=&#8221;37px&#8221; header_2_font_size_phone=&#8221;26px&#8221; header_2_font_size_last_edited=&#8221;on|phone&#8221; global_colors_info=&#8221;{}&#8221;]<\/p>\n<h2>Arbetskl\u00e4der och skyddskor till ditt hem med v\u00e5ra demonstrations&shy;bilar<\/h2>\n<p>[\/et_pb_text][et_pb_text admin_label=&#8221;aloitusteksti&#8221; _builder_version=&#8221;4.12.0&#8243; text_text_color=&#8221;#333333&#8243; text_font_size=&#8221;18px&#8221; header_font=&#8221;Oxygen|100|||||||&#8221; header_text_align=&#8221;center&#8221; header_font_size=&#8221;24px&#8221; header_line_height=&#8221;1.3em&#8221; custom_padding_tablet=&#8221;|3vw||3vw||true&#8221; custom_padding_phone=&#8221;&#8221; custom_padding_last_edited=&#8221;on|tablet&#8221; global_colors_info=&#8221;{}&#8221;]<\/p>\n<p>Suomen Teollisuusvaate Oy utvecklar, importerar och marknadsf\u00f6r arbets- och profilkl\u00e4der \u00e5t den professionella anv\u00e4ndaren.<\/p>\n<p>V\u00e5r aff\u00e4rsid\u00e9 \u00e4r att med v\u00e5ra unika demonstrationsbilar bes\u00f6ka slutkunder med kompletta kollektioner av allt inom skydds- och yrkeskl\u00e4der. \u00c4ven arbetsskor, handskar och f\u00f6rbrukningsartiklar kan visas och provas av kunder p\u00e5 respektive arbetsplats. Vi har ett brett sortiment av skydds- och arbetskl\u00e4der, skyddsskor, handskar och f\u00f6rbrukningsprodukter till den professionella anv\u00e4ndaren.<\/p>\n<p>[\/et_pb_text][\/et_pb_column][et_pb_column type=&#8221;1_4&#8243; _builder_version=&#8221;3.25&#8243; custom_padding=&#8221;|||&#8221; global_colors_info=&#8221;{}&#8221; custom_padding__hover=&#8221;|||&#8221;][\/et_pb_column][\/et_pb_row][\/et_pb_section][et_pb_section fb_built=&#8221;1&#8243; module_class=&#8221;gradient-overlay&#8221; _builder_version=&#8221;4.12.0&#8243; background_enable_color=&#8221;off&#8221; use_background_color_gradient=&#8221;on&#8221; background_color_gradient_start=&#8221;rgba(0,0,0,0.78)&#8221; background_color_gradient_end=&#8221;rgba(0,0,0,0.7)&#8221; background_color_gradient_overlays_image=&#8221;on&#8221; background_image=&#8221;https:\/\/teollisuusvaate.fi\/wp-content\/uploads\/2021\/10\/Proman70of2-scaled.jpg&#8221; parallax=&#8221;on&#8221; parallax_method=&#8221;off&#8221; custom_padding=&#8221;125px|0px|155px|0px|false|false&#8221; top_divider_color=&#8221;#e02b20&#8243; top_divider_height=&#8221;27px&#8221; global_colors_info=&#8221;{}&#8221;][et_pb_row column_structure=&#8221;1_2,1_2&#8243; use_custom_gutter=&#8221;on&#8221; gutter_width=&#8221;1&#8243; make_equal=&#8221;on&#8221; disabled_on=&#8221;off|off|off&#8221; _builder_version=&#8221;4.12.0&#8243; module_alignment=&#8221;center&#8221; global_colors_info=&#8221;{}&#8221;][et_pb_column type=&#8221;1_2&#8243; _builder_version=&#8221;3.25&#8243; custom_padding=&#8221;|||&#8221; global_colors_info=&#8221;{}&#8221; custom_padding__hover=&#8221;|||&#8221;][et_pb_button button_url=&#8221;tel:0207303003&#8243; button_text=&#8221;Ring 0207 30 3003 f\u00f6r mer information&#8221; button_alignment=&#8221;center&#8221; admin_label=&#8221;soita ja kysy lis\u00e4\u00e4 -painike&#8221; _builder_version=&#8221;4.4.8&#8243; custom_button=&#8221;on&#8221; button_text_size=&#8221;20px&#8221; button_text_color=&#8221;#ffffff&#8221; button_bg_color=&#8221;#e02b20&#8243; button_border_width=&#8221;25px&#8221; button_border_color=&#8221;#e02b20&#8243; button_border_radius=&#8221;0px&#8221; button_letter_spacing=&#8221;-1px&#8221; button_font=&#8221;Muli|700|||||||&#8221; button_use_icon=&#8221;off&#8221; custom_margin=&#8221;0px|||&#8221; button_text_color_hover=&#8221;#ffffff&#8221; button_border_color_hover=&#8221;#31393c&#8221; button_border_radius_hover=&#8221;0px&#8221; button_letter_spacing_hover=&#8221;-1px&#8221; button_bg_color_hover=&#8221;#31393c&#8221; global_colors_info=&#8221;{}&#8221; button_text_size__hover_enabled=&#8221;off&#8221; button_one_text_size__hover_enabled=&#8221;off&#8221; button_two_text_size__hover_enabled=&#8221;off&#8221; button_text_color__hover_enabled=&#8221;on&#8221; button_text_color__hover=&#8221;#ffffff&#8221; button_one_text_color__hover_enabled=&#8221;off&#8221; button_two_text_color__hover_enabled=&#8221;off&#8221; button_border_width__hover_enabled=&#8221;off&#8221; button_one_border_width__hover_enabled=&#8221;off&#8221; button_two_border_width__hover_enabled=&#8221;off&#8221; button_border_color__hover_enabled=&#8221;on&#8221; button_border_color__hover=&#8221;#31393c&#8221; button_one_border_color__hover_enabled=&#8221;off&#8221; button_two_border_color__hover_enabled=&#8221;off&#8221; button_border_radius__hover_enabled=&#8221;on&#8221; button_border_radius__hover=&#8221;0px&#8221; button_one_border_radius__hover_enabled=&#8221;off&#8221; button_two_border_radius__hover_enabled=&#8221;off&#8221; button_letter_spacing__hover_enabled=&#8221;on&#8221; button_letter_spacing__hover=&#8221;-1px&#8221; button_one_letter_spacing__hover_enabled=&#8221;off&#8221; button_two_letter_spacing__hover_enabled=&#8221;off&#8221; button_bg_color__hover_enabled=&#8221;on&#8221; button_bg_color__hover=&#8221;#31393c&#8221; button_one_bg_color__hover_enabled=&#8221;off&#8221; button_two_bg_color__hover_enabled=&#8221;off&#8221;][\/et_pb_button][\/et_pb_column][et_pb_column type=&#8221;1_2&#8243; _builder_version=&#8221;3.25&#8243; custom_padding=&#8221;|||&#8221; global_colors_info=&#8221;{}&#8221; custom_padding__hover=&#8221;|||&#8221;][et_pb_button button_url=&#8221;\/sv\/kontakta-oss\/&#8221; button_text=&#8221;Hitta din n\u00e4rmaste s\u00e4ljare&#8221; button_alignment=&#8221;center&#8221; admin_label=&#8221;l\u00f6yd\u00e4 oman alueesi edustaja -painike&#8221; _builder_version=&#8221;4.12.0&#8243; custom_button=&#8221;on&#8221; button_text_size=&#8221;20px&#8221; button_text_color=&#8221;#ffffff&#8221; button_bg_color=&#8221;#e02b20&#8243; button_border_width=&#8221;25px&#8221; button_border_color=&#8221;#e02b20&#8243; button_border_radius=&#8221;0px&#8221; button_letter_spacing=&#8221;-1px&#8221; button_font=&#8221;Muli|700|||||||&#8221; button_use_icon=&#8221;off&#8221; custom_margin=&#8221;0px|||&#8221; custom_margin_tablet=&#8221;0px|||&#8221; custom_margin_phone=&#8221;3vh||||false|false&#8221; custom_margin_last_edited=&#8221;on|phone&#8221; button_text_color_hover=&#8221;#ffffff&#8221; button_border_color_hover=&#8221;#31393c&#8221; button_border_radius_hover=&#8221;0px&#8221; button_letter_spacing_hover=&#8221;-1px&#8221; button_bg_color_hover=&#8221;#31393c&#8221; global_colors_info=&#8221;{}&#8221; button_text_size__hover_enabled=&#8221;off&#8221; button_one_text_size__hover_enabled=&#8221;off&#8221; button_two_text_size__hover_enabled=&#8221;off&#8221; button_text_color__hover_enabled=&#8221;on&#8221; button_text_color__hover=&#8221;#ffffff&#8221; button_one_text_color__hover_enabled=&#8221;off&#8221; button_two_text_color__hover_enabled=&#8221;off&#8221; button_border_width__hover_enabled=&#8221;off&#8221; button_one_border_width__hover_enabled=&#8221;off&#8221; button_two_border_width__hover_enabled=&#8221;off&#8221; button_border_color__hover_enabled=&#8221;on&#8221; button_border_color__hover=&#8221;#31393c&#8221; button_one_border_color__hover_enabled=&#8221;off&#8221; button_two_border_color__hover_enabled=&#8221;off&#8221; button_border_radius__hover_enabled=&#8221;on&#8221; button_border_radius__hover=&#8221;0px&#8221; button_one_border_radius__hover_enabled=&#8221;off&#8221; button_two_border_radius__hover_enabled=&#8221;off&#8221; button_letter_spacing__hover_enabled=&#8221;on&#8221; button_letter_spacing__hover=&#8221;-1px&#8221; button_one_letter_spacing__hover_enabled=&#8221;off&#8221; button_two_letter_spacing__hover_enabled=&#8221;off&#8221; button_bg_color__hover_enabled=&#8221;on&#8221; button_bg_color__hover=&#8221;#31393c&#8221; button_one_bg_color__hover_enabled=&#8221;off&#8221; button_two_bg_color__hover_enabled=&#8221;off&#8221;][\/et_pb_button][\/et_pb_column][\/et_pb_row][\/et_pb_section][et_pb_section fb_built=&#8221;1&#8243; _builder_version=&#8221;3.22&#8243; background_color=&#8221;#000000&#8243; parallax=&#8221;on&#8221; parallax_method=&#8221;off&#8221; custom_padding=&#8221;0px||0px|&#8221; global_colors_info=&#8221;{}&#8221;][et_pb_row column_structure=&#8221;1_4,1_2,1_4&#8243; use_custom_gutter=&#8221;on&#8221; gutter_width=&#8221;1&#8243; module_class=&#8221; et_pb_row_fullwidth&#8221; _builder_version=&#8221;3.25&#8243; background_color=&#8221;rgba(0,0,0,0.8)&#8221; width=&#8221;100%&#8221; width_tablet=&#8221;100%&#8221; width_phone=&#8221;&#8221; width_last_edited=&#8221;on|desktop&#8221; max_width=&#8221;100%&#8221; max_width_tablet=&#8221;100%&#8221; max_width_phone=&#8221;&#8221; max_width_last_edited=&#8221;on|desktop&#8221; custom_padding=&#8221;3vh||6vh||false|false&#8221; make_fullwidth=&#8221;on&#8221; global_colors_info=&#8221;{}&#8221;][et_pb_column type=&#8221;1_4&#8243; _builder_version=&#8221;3.25&#8243; custom_padding=&#8221;|||&#8221; global_colors_info=&#8221;{}&#8221; custom_padding__hover=&#8221;|||&#8221;][\/et_pb_column][et_pb_column type=&#8221;1_2&#8243; _builder_version=&#8221;3.25&#8243; custom_padding=&#8221;|||&#8221; global_colors_info=&#8221;{}&#8221; custom_padding__hover=&#8221;|||&#8221;][et_pb_text admin_label=&#8221;aloitusteksti&#8221; _builder_version=&#8221;4.12.0&#8243; text_text_color=&#8221;#FFFFFF&#8221; text_font_size=&#8221;18px&#8221; header_font=&#8221;Oxygen|100|||||||&#8221; header_text_align=&#8221;center&#8221; header_text_color=&#8221;#ffffff&#8221; header_font_size=&#8221;24px&#8221; header_line_height=&#8221;1.3em&#8221; header_2_font=&#8221;|||on|||||&#8221; header_2_text_color=&#8221;#FFFFFF&#8221; header_2_font_size=&#8221;37px&#8221; custom_padding=&#8221;10vh||10vh||true&#8221; custom_padding_tablet=&#8221;|3vw||3vw||true&#8221; custom_padding_phone=&#8221;&#8221; custom_padding_last_edited=&#8221;on|tablet&#8221; header_font_size_tablet=&#8221;&#8221; header_font_size_phone=&#8221;&#8221; header_font_size_last_edited=&#8221;on|tablet&#8221; header_2_font_size_tablet=&#8221;37px&#8221; header_2_font_size_phone=&#8221;27px&#8221; header_2_font_size_last_edited=&#8221;on|phone&#8221; global_colors_info=&#8221;{}&#8221;]<\/p>\n<h2 style=\"text-align: left;\">Arbets- och profilkl\u00e4der utvecklad \u00e5t den professionella anv\u00e4ndaren<\/h2>\n<h1><\/h1>\n<p>Industrigrossisten Proman AB startades i Sverige i maj 2003. Suomen Teollisuusvaate Oy i Finland startades under \u00e5ret 2004. Nu s\u00e4ljs Proman produkter \u00e4ven i Norge. Med extremt snabba leveranser och utm\u00e4rkt logistik, levereras produkterna fr\u00e5n effektiva och moderna centrallagret i Rosersberg inom 4-5 arbetsgadar.<\/p>\n<p>Industrigrossisten har det i dag totalt ca 30 st demonstrationsbilar i Sverige och Finland. Vi arbetar kontinuerligt f\u00f6r att utveckla fler distrikt i b\u00e5da l\u00e4nderna. Kontoret i Finland ligger i S:t Karins, 10 km utanf\u00f6r \u00c5bo.<\/p>\n<p>[\/et_pb_text][\/et_pb_column][et_pb_column type=&#8221;1_4&#8243; _builder_version=&#8221;3.25&#8243; custom_padding=&#8221;|||&#8221; global_colors_info=&#8221;{}&#8221; custom_padding__hover=&#8221;|||&#8221;][\/et_pb_column][\/et_pb_row][\/et_pb_section][et_pb_section fb_built=&#8221;1&#8243; admin_label=&#8221;FOOTER&#8221; _builder_version=&#8221;4.12.0&#8243; background_color=&#8221;#31393c&#8221; use_background_color_gradient=&#8221;on&#8221; background_color_gradient_start=&#8221;rgba(0,0,0,0.77)&#8221; background_color_gradient_end=&#8221;rgba(0,0,0,0.75)&#8221; background_color_gradient_overlays_image=&#8221;on&#8221; background_image=&#8221;https:\/\/teollisuusvaate.fi\/wp-content\/uploads\/2021\/10\/Proman42of46-1-scaled.jpg&#8221; background_size=&#8221;initial&#8221; background_repeat=&#8221;repeat&#8221; custom_padding=&#8221;0||8%||false|false&#8221; top_divider_height=&#8221;0px&#8221; border_color_top=&#8221;#ffec33&#8243; global_module=&#8221;1477&#8243; saved_tabs=&#8221;all&#8221; global_colors_info=&#8221;{}&#8221;][et_pb_row disabled_on=&#8221;off|off|off&#8221; _builder_version=&#8221;4.12.0&#8243; custom_padding=&#8221;6vh|0px||0px|false|false&#8221; global_colors_info=&#8221;{}&#8221;][et_pb_column type=&#8221;4_4&#8243; _builder_version=&#8221;3.25&#8243; custom_padding=&#8221;|||&#8221; global_colors_info=&#8221;{}&#8221; custom_padding__hover=&#8221;|||&#8221;][et_pb_text disabled_on=&#8221;off|off|off&#8221; admin_label=&#8221;Otsikko  -footeri&#8221; _builder_version=&#8221;4.12.0&#8243; text_text_color=&#8221;#ffffff&#8221; header_font=&#8221;Muli|900||on|||||&#8221; header_text_align=&#8221;center&#8221; header_text_color=&#8221;#ffffff&#8221; header_font_size=&#8221;42px&#8221; header_2_font=&#8221;Muli|800|on||||||&#8221; header_2_text_align=&#8221;center&#8221; header_2_text_color=&#8221;#ffffff&#8221; header_2_font_size=&#8221;24px&#8221; header_2_letter_spacing=&#8221;1px&#8221; header_2_line_height=&#8221;1.7em&#8221; header_3_font=&#8221;Oxygen||||||||&#8221; header_3_text_align=&#8221;left&#8221; header_3_text_color=&#8221;#ffffff&#8221; custom_padding=&#8221;5vh||5vh||true&#8221; header_font_size_tablet=&#8221;40px&#8221; header_font_size_phone=&#8221;30px&#8221; header_font_size_last_edited=&#8221;on|phone&#8221; header_2_font_size_tablet=&#8221;20px&#8221; header_2_font_size_phone=&#8221;16px&#8221; header_2_font_size_last_edited=&#8221;on|phone&#8221; global_colors_info=&#8221;{}&#8221;]<\/p>\n<h1>Suomen Teollisuusvaate Oy<\/h1>\n<h2>Till yrkesanv\u00e4ndarens tj\u00e4nst sedan 2004<\/h2>\n<p>&nbsp;<\/p>\n<h2><\/h2>\n<p>[\/et_pb_text][\/et_pb_column][\/et_pb_row][et_pb_row column_structure=&#8221;1_2,1_2&#8243; _builder_version=&#8221;4.12.0&#8243; width=&#8221;63%&#8221; max_width=&#8221;63%&#8221; use_custom_width=&#8221;on&#8221; width_unit=&#8221;off&#8221; custom_width_percent=&#8221;63%&#8221; global_colors_info=&#8221;{}&#8221;][et_pb_column type=&#8221;1_2&#8243; _builder_version=&#8221;3.25&#8243; custom_padding=&#8221;|||&#8221; global_colors_info=&#8221;{}&#8221; custom_padding__hover=&#8221;|||&#8221;][et_pb_text admin_label=&#8221;Asiakaspalvelu&#8221; _builder_version=&#8221;4.4.8&#8243; text_font=&#8221;||||||||&#8221; text_text_color=&#8221;#ffffff&#8221; link_font=&#8221;||||||||&#8221; link_text_color=&#8221;#ffffff&#8221; header_font=&#8221;Muli|900||on|||||&#8221; header_text_color=&#8221;rgba(255,255,255,0.63)&#8221; header_font_size=&#8221;70px&#8221; header_2_font=&#8221;Muli|900|||||||&#8221; header_2_text_color=&#8221;#ffffff&#8221; header_3_font=&#8221;Muli|700|||||||&#8221; header_3_text_color=&#8221;#ffffff&#8221; background_color=&#8221;#e02b20&#8243; custom_margin=&#8221;|||&#8221; custom_padding=&#8221;3vh|3vh|3vh|3vh|true|true&#8221; header_font_size_tablet=&#8221;50px&#8221; header_font_size_phone=&#8221;30px&#8221; header_font_size_last_edited=&#8221;on|phone&#8221; header_2_font_size_tablet=&#8221;26px&#8221; header_2_font_size_phone=&#8221;24px&#8221; header_2_font_size_last_edited=&#8221;on|phone&#8221; global_colors_info=&#8221;{}&#8221;]<\/p>\n<h2>Kundservice<\/h2>\n<p><a href=\"&#x6d;&#97;&#x69;&#x6c;&#116;&#x6f;&#x3a;&#105;&#x6e;&#x66;&#111;&#x40;&#x74;e&#x6f;&#x6c;l&#x69;&#115;u&#x75;&#115;v&#x61;&#97;t&#x65;&#46;f&#x69;\"><i class=\"fas fa-envelope\"><\/i> &#x69;&#110;&#x66;&#x6f;&#64;&#x74;&#x65;&#111;&#x6c;&#x6c;&#105;&#x73;&#x75;u&#x73;&#x76;a&#x61;&#116;e&#x2e;&#102;i<\/a><\/p>\n<p><a href=\"tel:0207 303003\"><i class=\"fas fa-phone fa-flip-horizontal\"><\/i> 0207 30 3003<\/a><\/p>\n<p><span style=\"font-size: 12px; line-height: 1.0em;\">(kostnad: 8,35snt\/samtal+16,69snt\/min)<\/span><\/p>\n<p>[\/et_pb_text][et_pb_button button_url=&#8221;\/wp-content\/uploads\/2019\/02\/Laskutustiedote_Proman.pdf&#8221; url_new_window=&#8221;on&#8221; button_text=&#8221;Faktureringsinfo&#8221; button_alignment=&#8221;left&#8221; admin_label=&#8221;Laskutustiedot -painike&#8221; _builder_version=&#8221;4.13.0&#8243; custom_button=&#8221;on&#8221; button_text_color=&#8221;#ffffff&#8221; button_bg_color=&#8221;#e02b20&#8243; button_border_width=&#8221;8px&#8221; button_border_color=&#8221;#e02b20&#8243; button_border_radius=&#8221;0px&#8221; button_font=&#8221;|700|||||||&#8221; button_icon=&#8221;&#xe03c;||divi||400&#8243; button_icon_color=&#8221;#ffffff&#8221; button_on_hover=&#8221;off&#8221; global_colors_info=&#8221;{}&#8221; button_bg_color__hover_enabled=&#8221;on&#8221; button_bg_color__hover=&#8221;#31393c&#8221; button_border_color__hover_enabled=&#8221;on&#8221; button_border_color__hover=&#8221;#31393c&#8221;][\/et_pb_button][\/et_pb_column][et_pb_column type=&#8221;1_2&#8243; _builder_version=&#8221;3.25&#8243; custom_padding=&#8221;|||&#8221; global_colors_info=&#8221;{}&#8221; custom_padding__hover=&#8221;|||&#8221;][et_pb_text admin_label=&#8221;yhteystiedot&#8221; _builder_version=&#8221;4.12.0&#8243; text_font=&#8221;||||||||&#8221; text_text_color=&#8221;#ffffff&#8221; link_font=&#8221;||||||||&#8221; link_text_color=&#8221;#ffffff&#8221; header_font=&#8221;Muli|900||on|||||&#8221; header_text_color=&#8221;rgba(255,255,255,0.63)&#8221; header_font_size=&#8221;70px&#8221; header_2_font=&#8221;Muli|900|||||||&#8221; header_2_text_color=&#8221;#ffffff&#8221; header_3_font=&#8221;Muli|700|||||||&#8221; header_3_text_color=&#8221;#ffffff&#8221; custom_margin=&#8221;0vh|||&#8221; custom_padding=&#8221;||0px|10vh|false|false&#8221; custom_padding_tablet=&#8221;&#8221; custom_padding_phone=&#8221;|||0vh|false|false&#8221; custom_padding_last_edited=&#8221;on|phone&#8221; header_font_size_tablet=&#8221;50px&#8221; header_font_size_phone=&#8221;30px&#8221; header_font_size_last_edited=&#8221;on|phone&#8221; global_colors_info=&#8221;{}&#8221;]<\/p>\n<h2>Adress<\/h2>\n<p>Hallimestarinkatu 21<br \/>20780 KAARINA<\/p>\n<h2>FO-nummer<\/h2>\n<p>1864254-6<\/p>\n<h2>VD<\/h2>\n<p>Janne Nevanper\u00e4<\/p>\n<p>[\/et_pb_text][et_pb_social_media_follow follow_button=&#8221;on&#8221; use_icon_font_size=&#8221;on&#8221; icon_font_size=&#8221;30px&#8221; _builder_version=&#8221;4.12.0&#8243; text_orientation=&#8221;left&#8221; background_layout=&#8221;dark&#8221; custom_padding=&#8221;|||10vh|false|false&#8221; custom_padding_tablet=&#8221;&#8221; custom_padding_phone=&#8221;|||0vh|false|false&#8221; custom_padding_last_edited=&#8221;on|phone&#8221; animation_style=&#8221;fade&#8221; animation_duration=&#8221;1600ms&#8221; animation_delay=&#8221;250ms&#8221; border_width_all=&#8221;1px&#8221; border_color_all=&#8221;#ffffff&#8221; global_colors_info=&#8221;{}&#8221;][et_pb_social_media_follow_network social_network=&#8221;facebook&#8221; url=&#8221;https:\/\/www.facebook.com\/suomenteollisuusvaate\/&#8221; _builder_version=&#8221;3.19.11&#8243; background_color=&#8221;#3b5998&#8243; global_colors_info=&#8221;{}&#8221; follow_button=&#8221;on&#8221; url_new_window=&#8221;on&#8221;]facebook[\/et_pb_social_media_follow_network][et_pb_social_media_follow_network social_network=&#8221;instagram&#8221; url=&#8221;https:\/\/www.instagram.com\/suomenteollisuusvaate\/?hl=fi&#8221; _builder_version=&#8221;3.19.11&#8243; background_color=&#8221;#ea2c59&#8243; global_colors_info=&#8221;{}&#8221; follow_button=&#8221;on&#8221; url_new_window=&#8221;on&#8221;]instagram[\/et_pb_social_media_follow_network][\/et_pb_social_media_follow][\/et_pb_column][\/et_pb_row][\/et_pb_section]<\/p>\n","protected":false},"excerpt":{"rendered":"<p>Suomen Teollisuusvaate OyArbetskl\u00e4der och skyddskor till ditt hem med v\u00e5ra demonstrations&shy;bilarSuomen Teollisuusvaate Oy utvecklar, importerar och marknadsf\u00f6r arbets- och profilkl\u00e4der \u00e5t den professionella anv\u00e4ndaren. V\u00e5r aff\u00e4rsid\u00e9 \u00e4r att med v\u00e5ra unika demonstrationsbilar bes\u00f6ka slutkunder med kompletta kollektioner av allt inom skydds- och yrkeskl\u00e4der. \u00c4ven arbetsskor, handskar och f\u00f6rbrukningsartiklar kan visas och provas av kunder p\u00e5 [&hellip;]<\/p>\n","protected":false},"author":1,"featured_media":0,"parent":0,"menu_order":0,"comment_status":"closed","ping_status":"closed","template":"","meta":{"_et_pb_use_builder":"on","_et_pb_old_content":"","_et_gb_content_width":"","footnotes":""},"class_list":["post-1487","page","type-page","status-publish","hentry"],"_links":{"self":[{"href":"https:\/\/teollisuusvaate.fi\/sv\/wp-json\/wp\/v2\/pages\/1487","targetHints":{"allow":["GET"]}}],"collection":[{"href":"https:\/\/teollisuusvaate.fi\/sv\/wp-json\/wp\/v2\/pages"}],"about":[{"href":"https:\/\/teollisuusvaate.fi\/sv\/wp-json\/wp\/v2\/types\/page"}],"author":[{"embeddable":true,"href":"https:\/\/teollisuusvaate.fi\/sv\/wp-json\/wp\/v2\/users\/1"}],"replies":[{"embeddable":true,"href":"https:\/\/teollisuusvaate.fi\/sv\/wp-json\/wp\/v2\/comments?post=1487"}],"version-history":[{"count":1,"href":"https:\/\/teollisuusvaate.fi\/sv\/wp-json\/wp\/v2\/pages\/1487\/revisions"}],"predecessor-version":[{"id":2080,"href":"https:\/\/teollisuusvaate.fi\/sv\/wp-json\/wp\/v2\/pages\/1487\/revisions\/2080"}],"wp:attachment":[{"href":"https:\/\/teollisuusvaate.fi\/sv\/wp-json\/wp\/v2\/media?parent=1487"}],"curies":[{"name":"wp","href":"https:\/\/api.w.org\/{rel}","templated":true}]}}